{"id":3414,"date":"2025-05-22T15:09:50","date_gmt":"2025-05-22T15:09:50","guid":{"rendered":"https:\/\/navegandolibres.org\/?page_id=3414"},"modified":"2025-07-10T19:28:08","modified_gmt":"2025-07-10T19:28:08","slug":"resources","status":"publish","type":"page","link":"https:\/\/navegandolibres.org\/en\/resources\/","title":{"rendered":"Resources"},"content":{"rendered":"\t\t<div data-elementor-type=\"wp-page\" data-elementor-id=\"3414\" class=\"elementor elementor-3414\" data-elementor-post-type=\"page\">\n\t\t\t\t<div class=\"elementor-element elementor-element-5e626be e-con-full e-flex e-con e-parent\" data-id=\"5e626be\" data-element_type=\"container\" data-e-type=\"container\" data-settings=\"{&quot;background_background&quot;:&quot;classic&quot;,&quot;shape_divider_top&quot;:&quot;waves&quot;,&quot;shape_divider_top_negative&quot;:&quot;yes&quot;}\">\n\t\t\t\t<div class=\"elementor-shape elementor-shape-top\" aria-hidden=\"true\" data-negative=\"true\">\n\t\t\t<svg xmlns=\"http:\/\/www.w3.org\/2000\/svg\" viewBox=\"0 0 1000 100\" preserveAspectRatio=\"none\">\n\t<path class=\"elementor-shape-fill\" d=\"M790.5,93.1c-59.3-5.3-116.8-18-192.6-50c-29.6-12.7-76.9-31-100.5-35.9c-23.6-4.9-52.6-7.8-75.5-5.3\n\tc-10.2,1.1-22.6,1.4-50.1,7.4c-27.2,6.3-58.2,16.6-79.4,24.7c-41.3,15.9-94.9,21.9-134,22.6C72,58.2,0,25.8,0,25.8V100h1000V65.3\n\tc0,0-51.5,19.4-106.2,25.7C839.5,97,814.1,95.2,790.5,93.1z\"\/>\n<\/svg>\t\t<\/div>\n\t\t<div class=\"elementor-element elementor-element-04c08af e-flex e-con-boxed e-con e-child\" data-id=\"04c08af\" data-element_type=\"container\" data-e-type=\"container\">\n\t\t\t\t\t<div class=\"e-con-inner\">\n\t\t\t\t<div class=\"elementor-element elementor-element-4f368cd elementor-widget elementor-widget-text-editor\" data-id=\"4f368cd\" data-element_type=\"widget\" data-e-type=\"widget\" data-widget_type=\"text-editor.default\">\n\t\t\t\t<div class=\"elementor-widget-container\">\n\t\t\t\t\t\t\t\t\t<div class=\"flex max-w-full flex-col flex-grow\"><div class=\"min-h-8 text-message flex w-full flex-col items-end gap-2 whitespace-normal break-words text-start [.text-message+&amp;]:mt-5\" dir=\"auto\" data-message-author-role=\"assistant\" data-message-id=\"a6b5480d-615f-492c-9028-161385b49c32\" data-message-model-slug=\"gpt-4o\"><div class=\"flex w-full flex-col gap-1 empty:hidden first:pt-[3px]\"><div class=\"markdown prose w-full break-words dark:prose-invert light\"><p data-start=\"102\" data-end=\"376\">En esta secci\u00f3n encontrar\u00e1s recursos para prevenir, identificar y responder a la violencia de g\u00e9nero en entornos digitales. Nuestro enfoque se centra en la protecci\u00f3n de derechos, la promoci\u00f3n de la seguridad en l\u00ednea y la construcci\u00f3n de un internet libre de violencia.<\/p><\/div><\/div><\/div><\/div>\t\t\t\t\t\t\t\t<\/div>\n\t\t\t\t<\/div>\n\t\t\t\t\t<\/div>\n\t\t\t\t<\/div>\n\t\t\t\t<\/div>\n\t\t<div class=\"elementor-element elementor-element-fb50a29 e-flex e-con-boxed e-con e-parent\" data-id=\"fb50a29\" data-element_type=\"container\" data-e-type=\"container\" data-settings=\"{&quot;background_background&quot;:&quot;classic&quot;}\">\n\t\t\t\t\t<div class=\"e-con-inner\">\n\t\t<div class=\"elementor-element elementor-element-0008824 e-flex e-con-boxed e-con e-child\" data-id=\"0008824\" data-element_type=\"container\" data-e-type=\"container\">\n\t\t\t\t\t<div class=\"e-con-inner\">\n\t\t<div class=\"elementor-element elementor-element-05a96af e-flex e-con-boxed e-con e-child\" data-id=\"05a96af\" data-element_type=\"container\" data-e-type=\"container\">\n\t\t\t\t\t<div class=\"e-con-inner\">\n\t\t\t\t<div class=\"elementor-element elementor-element-dd461d7 elementor-widget elementor-widget-image\" data-id=\"dd461d7\" data-element_type=\"widget\" data-e-type=\"widget\" data-widget_type=\"image.default\">\n\t\t\t\t<div class=\"elementor-widget-container\">\n\t\t\t\t\t\t\t\t\t\t\t\t\t\t\t\t<a href=\"https:\/\/navegandolibres.org\/wp-content\/uploads\/2025\/07\/LineasAyuda-ENG-Portadillas-2_compressed-1.pdf\">\n\t\t\t\t\t\t\t<img fetchpriority=\"high\" decoding=\"async\" width=\"793\" height=\"1024\" src=\"https:\/\/navegandolibres.org\/wp-content\/uploads\/2025\/05\/LineasAyuda-ENG-793x1024.png\" class=\"attachment-large size-large wp-image-3439\" alt=\"\" srcset=\"https:\/\/navegandolibres.org\/wp-content\/uploads\/2025\/05\/LineasAyuda-ENG-793x1024.png 793w, https:\/\/navegandolibres.org\/wp-content\/uploads\/2025\/05\/LineasAyuda-ENG-232x300.png 232w, https:\/\/navegandolibres.org\/wp-content\/uploads\/2025\/05\/LineasAyuda-ENG-768x992.png 768w, https:\/\/navegandolibres.org\/wp-content\/uploads\/2025\/05\/LineasAyuda-ENG-1190x1536.png 1190w, https:\/\/navegandolibres.org\/wp-content\/uploads\/2025\/05\/LineasAyuda-ENG-1586x2048.png 1586w, https:\/\/navegandolibres.org\/wp-content\/uploads\/2025\/05\/LineasAyuda-ENG-9x12.png 9w, https:\/\/navegandolibres.org\/wp-content\/uploads\/2025\/05\/LineasAyuda-ENG-scaled.png 1983w\" sizes=\"(max-width: 793px) 100vw, 793px\" title=\"\">\t\t\t\t\t\t\t\t<\/a>\n\t\t\t\t\t\t\t\t\t\t\t\t\t\t\t<\/div>\n\t\t\t\t<\/div>\n\t\t\t\t<div class=\"elementor-element elementor-element-b320de2 elementor-widget elementor-widget-image\" data-id=\"b320de2\" data-element_type=\"widget\" data-e-type=\"widget\" data-widget_type=\"image.default\">\n\t\t\t\t<div class=\"elementor-widget-container\">\n\t\t\t\t\t\t\t\t\t\t\t\t\t\t\t\t<a href=\"https:\/\/navegandolibres.org\/wp-content\/uploads\/2025\/05\/1.png\" data-elementor-open-lightbox=\"yes\" data-elementor-lightbox-title=\"1\" data-e-action-hash=\"#elementor-action%3Aaction%3Dlightbox%26settings%3DeyJpZCI6MzQxNiwidXJsIjoiaHR0cHM6XC9cL25hdmVnYW5kb2xpYnJlcy5vcmdcL3dwLWNvbnRlbnRcL3VwbG9hZHNcLzIwMjVcLzA1XC8xLnBuZyJ9\">\n\t\t\t\t\t\t\t<img decoding=\"async\" width=\"724\" height=\"1024\" src=\"https:\/\/navegandolibres.org\/wp-content\/uploads\/2025\/05\/1-724x1024.png\" class=\"attachment-large size-large wp-image-3416\" alt=\"\" srcset=\"https:\/\/navegandolibres.org\/wp-content\/uploads\/2025\/05\/1-724x1024.png 724w, https:\/\/navegandolibres.org\/wp-content\/uploads\/2025\/05\/1-212x300.png 212w, https:\/\/navegandolibres.org\/wp-content\/uploads\/2025\/05\/1-768x1086.png 768w, https:\/\/navegandolibres.org\/wp-content\/uploads\/2025\/05\/1-1086x1536.png 1086w, https:\/\/navegandolibres.org\/wp-content\/uploads\/2025\/05\/1-1448x2048.png 1448w, https:\/\/navegandolibres.org\/wp-content\/uploads\/2025\/05\/1-8x12.png 8w, https:\/\/navegandolibres.org\/wp-content\/uploads\/2025\/05\/1.png 1587w\" sizes=\"(max-width: 724px) 100vw, 724px\" title=\"\">\t\t\t\t\t\t\t\t<\/a>\n\t\t\t\t\t\t\t\t\t\t\t\t\t\t\t<\/div>\n\t\t\t\t<\/div>\n\t\t\t\t\t<\/div>\n\t\t\t\t<\/div>\n\t\t<div class=\"elementor-element elementor-element-5b2777d e-con-full e-flex e-con e-child\" data-id=\"5b2777d\" data-element_type=\"container\" data-e-type=\"container\">\n\t\t\t\t<div class=\"elementor-element elementor-element-a2c330c elementor-widget elementor-widget-image\" data-id=\"a2c330c\" data-element_type=\"widget\" data-e-type=\"widget\" data-widget_type=\"image.default\">\n\t\t\t\t<div class=\"elementor-widget-container\">\n\t\t\t\t\t\t\t\t\t\t\t\t\t\t\t\t<a href=\"https:\/\/navegandolibres.org\/wp-content\/uploads\/2025\/06\/VFTCMN-ONUM-TALLER-M-INGLES-EXECUTIVE-SUMMARY-con-marcas-impresion.pdf\">\n\t\t\t\t\t\t\t<img decoding=\"async\" width=\"747\" height=\"1024\" src=\"https:\/\/navegandolibres.org\/wp-content\/uploads\/2025\/06\/VFTCMN-ONUM-TALLER-M-INGLES-EXECUTIVE-SUMMARY-con-marcas-impresion-1-747x1024.png\" class=\"attachment-large size-large wp-image-3450\" alt=\"\" srcset=\"https:\/\/navegandolibres.org\/wp-content\/uploads\/2025\/06\/VFTCMN-ONUM-TALLER-M-INGLES-EXECUTIVE-SUMMARY-con-marcas-impresion-1-747x1024.png 747w, https:\/\/navegandolibres.org\/wp-content\/uploads\/2025\/06\/VFTCMN-ONUM-TALLER-M-INGLES-EXECUTIVE-SUMMARY-con-marcas-impresion-1-219x300.png 219w, https:\/\/navegandolibres.org\/wp-content\/uploads\/2025\/06\/VFTCMN-ONUM-TALLER-M-INGLES-EXECUTIVE-SUMMARY-con-marcas-impresion-1-768x1052.png 768w, https:\/\/navegandolibres.org\/wp-content\/uploads\/2025\/06\/VFTCMN-ONUM-TALLER-M-INGLES-EXECUTIVE-SUMMARY-con-marcas-impresion-1-1121x1536.png 1121w, https:\/\/navegandolibres.org\/wp-content\/uploads\/2025\/06\/VFTCMN-ONUM-TALLER-M-INGLES-EXECUTIVE-SUMMARY-con-marcas-impresion-1-1495x2048.png 1495w, https:\/\/navegandolibres.org\/wp-content\/uploads\/2025\/06\/VFTCMN-ONUM-TALLER-M-INGLES-EXECUTIVE-SUMMARY-con-marcas-impresion-1-9x12.png 9w, https:\/\/navegandolibres.org\/wp-content\/uploads\/2025\/06\/VFTCMN-ONUM-TALLER-M-INGLES-EXECUTIVE-SUMMARY-con-marcas-impresion-1-scaled.png 1868w\" sizes=\"(max-width: 747px) 100vw, 747px\" title=\"\">\t\t\t\t\t\t\t\t<\/a>\n\t\t\t\t\t\t\t\t\t\t\t\t\t\t\t<\/div>\n\t\t\t\t<\/div>\n\t\t\t\t<div class=\"elementor-element elementor-element-a1a8a61 elementor-widget elementor-widget-image\" data-id=\"a1a8a61\" data-element_type=\"widget\" data-e-type=\"widget\" data-widget_type=\"image.default\">\n\t\t\t\t<div class=\"elementor-widget-container\">\n\t\t\t\t\t\t\t\t\t\t\t\t\t\t\t\t<a href=\"https:\/\/navegandolibres.org\/wp-content\/uploads\/2025\/05\/2.png\" data-elementor-open-lightbox=\"yes\" data-elementor-lightbox-title=\"2\" data-e-action-hash=\"#elementor-action%3Aaction%3Dlightbox%26settings%3DeyJpZCI6MzQxNywidXJsIjoiaHR0cHM6XC9cL25hdmVnYW5kb2xpYnJlcy5vcmdcL3dwLWNvbnRlbnRcL3VwbG9hZHNcLzIwMjVcLzA1XC8yLnBuZyJ9\">\n\t\t\t\t\t\t\t<img loading=\"lazy\" decoding=\"async\" width=\"724\" height=\"1024\" src=\"https:\/\/navegandolibres.org\/wp-content\/uploads\/2025\/05\/2-724x1024.png\" class=\"attachment-large size-large wp-image-3417\" alt=\"\" srcset=\"https:\/\/navegandolibres.org\/wp-content\/uploads\/2025\/05\/2-724x1024.png 724w, https:\/\/navegandolibres.org\/wp-content\/uploads\/2025\/05\/2-212x300.png 212w, https:\/\/navegandolibres.org\/wp-content\/uploads\/2025\/05\/2-768x1086.png 768w, https:\/\/navegandolibres.org\/wp-content\/uploads\/2025\/05\/2-1086x1536.png 1086w, https:\/\/navegandolibres.org\/wp-content\/uploads\/2025\/05\/2-1448x2048.png 1448w, https:\/\/navegandolibres.org\/wp-content\/uploads\/2025\/05\/2-8x12.png 8w, https:\/\/navegandolibres.org\/wp-content\/uploads\/2025\/05\/2.png 1587w\" sizes=\"(max-width: 724px) 100vw, 724px\" title=\"\">\t\t\t\t\t\t\t\t<\/a>\n\t\t\t\t\t\t\t\t\t\t\t\t\t\t\t<\/div>\n\t\t\t\t<\/div>\n\t\t\t\t<\/div>\n\t\t<div class=\"elementor-element elementor-element-c02c4f4 e-con-full e-flex e-con e-child\" data-id=\"c02c4f4\" data-element_type=\"container\" data-e-type=\"container\">\n\t\t\t\t<div class=\"elementor-element elementor-element-2322444 elementor-widget elementor-widget-image\" data-id=\"2322444\" data-element_type=\"widget\" data-e-type=\"widget\" data-widget_type=\"image.default\">\n\t\t\t\t<div class=\"elementor-widget-container\">\n\t\t\t\t\t\t\t\t\t\t\t\t\t\t\t\t<a href=\"https:\/\/navegandolibres.org\/wp-content\/uploads\/2025\/05\/Digital-consent_.pdf\">\n\t\t\t\t\t\t\t<img loading=\"lazy\" decoding=\"async\" width=\"800\" height=\"1000\" src=\"https:\/\/navegandolibres.org\/wp-content\/uploads\/2025\/05\/Digital-consent-819x1024.png\" class=\"attachment-large size-large wp-image-3428\" alt=\"\" srcset=\"https:\/\/navegandolibres.org\/wp-content\/uploads\/2025\/05\/Digital-consent-819x1024.png 819w, https:\/\/navegandolibres.org\/wp-content\/uploads\/2025\/05\/Digital-consent-240x300.png 240w, https:\/\/navegandolibres.org\/wp-content\/uploads\/2025\/05\/Digital-consent-768x960.png 768w, https:\/\/navegandolibres.org\/wp-content\/uploads\/2025\/05\/Digital-consent-10x12.png 10w, https:\/\/navegandolibres.org\/wp-content\/uploads\/2025\/05\/Digital-consent.png 1080w\" sizes=\"(max-width: 800px) 100vw, 800px\" title=\"\">\t\t\t\t\t\t\t\t<\/a>\n\t\t\t\t\t\t\t\t\t\t\t\t\t\t\t<\/div>\n\t\t\t\t<\/div>\n\t\t\t\t<div class=\"elementor-element elementor-element-607a207 elementor-widget elementor-widget-image\" data-id=\"607a207\" data-element_type=\"widget\" data-e-type=\"widget\" data-widget_type=\"image.default\">\n\t\t\t\t<div class=\"elementor-widget-container\">\n\t\t\t\t\t\t\t\t\t\t\t\t\t\t\t\t<a href=\"https:\/\/navegandolibres.org\/wp-content\/uploads\/2025\/05\/Fanzine-Internet-Feminista-ingles-1-scaled.jpg\" data-elementor-open-lightbox=\"yes\" data-elementor-lightbox-title=\"Fanzine Internet Feminista final\" data-e-action-hash=\"#elementor-action%3Aaction%3Dlightbox%26settings%3DeyJpZCI6MzQyNCwidXJsIjoiaHR0cHM6XC9cL25hdmVnYW5kb2xpYnJlcy5vcmdcL3dwLWNvbnRlbnRcL3VwbG9hZHNcLzIwMjVcLzA1XC9GYW56aW5lLUludGVybmV0LUZlbWluaXN0YS1pbmdsZXMtMS1zY2FsZWQuanBnIn0%3D\">\n\t\t\t\t\t\t\t<img loading=\"lazy\" decoding=\"async\" width=\"714\" height=\"1024\" src=\"https:\/\/navegandolibres.org\/wp-content\/uploads\/2025\/05\/Fanzine-Internet-Feminista-ingles-1-714x1024.jpg\" class=\"attachment-large size-large wp-image-3424\" alt=\"\" srcset=\"https:\/\/navegandolibres.org\/wp-content\/uploads\/2025\/05\/Fanzine-Internet-Feminista-ingles-1-714x1024.jpg 714w, https:\/\/navegandolibres.org\/wp-content\/uploads\/2025\/05\/Fanzine-Internet-Feminista-ingles-1-209x300.jpg 209w, https:\/\/navegandolibres.org\/wp-content\/uploads\/2025\/05\/Fanzine-Internet-Feminista-ingles-1-768x1101.jpg 768w, https:\/\/navegandolibres.org\/wp-content\/uploads\/2025\/05\/Fanzine-Internet-Feminista-ingles-1-1072x1536.jpg 1072w, https:\/\/navegandolibres.org\/wp-content\/uploads\/2025\/05\/Fanzine-Internet-Feminista-ingles-1-1429x2048.jpg 1429w, https:\/\/navegandolibres.org\/wp-content\/uploads\/2025\/05\/Fanzine-Internet-Feminista-ingles-1-8x12.jpg 8w, https:\/\/navegandolibres.org\/wp-content\/uploads\/2025\/05\/Fanzine-Internet-Feminista-ingles-1-scaled.jpg 1786w\" sizes=\"(max-width: 714px) 100vw, 714px\" title=\"\">\t\t\t\t\t\t\t\t<\/a>\n\t\t\t\t\t\t\t\t\t\t\t\t\t\t\t<\/div>\n\t\t\t\t<\/div>\n\t\t\t\t<\/div>\n\t\t\t\t\t<\/div>\n\t\t\t\t<\/div>\n\t\t\t\t<div class=\"elementor-element elementor-element-1ca7f27 elementor-widget elementor-widget-text-editor\" data-id=\"1ca7f27\" data-element_type=\"widget\" data-e-type=\"widget\" data-widget_type=\"text-editor.default\">\n\t\t\t\t<div class=\"elementor-widget-container\">\n\t\t\t\t\t\t\t\t\t<p>Licencia <span class=\"selectable-text copyable-text\">CC BY-NC-SA 4.0 DEED, <\/span><span class=\"selectable-text copyable-text\">Atribuci\u00f3n-NoComercial-CompartirIgual 4.0 Internacional<\/span><\/p><p><span lang=\"ES\">Estos materiales pueden ser copiados, distribuidos, exhibidos y representados siempre<\/span> y cuando reconozca y cite la obra de la forma especificada por el autor o el licenciante.\u00a0<\/p>\t\t\t\t\t\t\t\t<\/div>\n\t\t\t\t<\/div>\n\t\t\t\t\t<\/div>\n\t\t\t\t<\/div>\n\t\t\t\t<\/div>\n\t\t","protected":false},"excerpt":{"rendered":"<p>En esta secci\u00f3n encontrar\u00e1s recursos para prevenir, identificar y responder a la violencia de g\u00e9nero en entornos digitales. Nuestro enfoque se centra en la protecci\u00f3n de derechos, la promoci\u00f3n de la seguridad en l\u00ednea y la construcci\u00f3n de un internet libre de violencia. Licencia CC BY-NC-SA 4.0 DEED, Atribuci\u00f3n-NoComercial-CompartirIgual 4.0 Internacional Estos materiales pueden ser [&hellip;]<\/p>\n","protected":false},"author":2,"featured_media":0,"parent":0,"menu_order":0,"comment_status":"closed","ping_status":"closed","template":"elementor_header_footer","meta":{"episode_type":"","audio_file":"","podmotor_file_id":"","podmotor_episode_id":"","cover_image":"","cover_image_id":"","duration":"","filesize":"","filesize_raw":"","date_recorded":"","explicit":"","block":"","itunes_episode_number":"","itunes_title":"","itunes_season_number":"","itunes_episode_type":"","footnotes":""},"class_list":["post-3414","page","type-page","status-publish","hentry"],"_links":{"self":[{"href":"https:\/\/navegandolibres.org\/en\/wp-json\/wp\/v2\/pages\/3414","targetHints":{"allow":["GET"]}}],"collection":[{"href":"https:\/\/navegandolibres.org\/en\/wp-json\/wp\/v2\/pages"}],"about":[{"href":"https:\/\/navegandolibres.org\/en\/wp-json\/wp\/v2\/types\/page"}],"author":[{"embeddable":true,"href":"https:\/\/navegandolibres.org\/en\/wp-json\/wp\/v2\/users\/2"}],"replies":[{"embeddable":true,"href":"https:\/\/navegandolibres.org\/en\/wp-json\/wp\/v2\/comments?post=3414"}],"version-history":[{"count":0,"href":"https:\/\/navegandolibres.org\/en\/wp-json\/wp\/v2\/pages\/3414\/revisions"}],"wp:attachment":[{"href":"https:\/\/navegandolibres.org\/en\/wp-json\/wp\/v2\/media?parent=3414"}],"curies":[{"name":"wp","href":"https:\/\/api.w.org\/{rel}","templated":true}]}}